{"id":2690,"date":"2019-11-30T10:02:12","date_gmt":"2019-11-30T10:02:12","guid":{"rendered":"https:\/\/wp.getgolo.com\/?page_id=2690"},"modified":"2019-11-30T10:02:12","modified_gmt":"2019-11-30T10:02:12","slug":"contact","status":"publish","type":"page","link":"https:\/\/thingstodoalbania.com\/es\/contact\/","title":{"rendered":"Contacto"},"content":{"rendered":"<div data-elementor-type=\"wp-page\" data-elementor-id=\"2690\" class=\"elementor elementor-2690\">\n\t\t\t\t\t\t<section class=\"elementor-section elementor-top-section elementor-element elementor-element-b68e956 elementor-section-stretched elementor-section-boxed elementor-section-gap-beside-yes elementor-section-height-default elementor-section-height-default elementor-section-column-vertical-align-stretch\" data-id=\"b68e956\" data-element_type=\"section\" data-e-type=\"section\" data-settings=\"{&quot;stretch_section&quot;:&quot;section-stretched&quot;,&quot;background_background&quot;:&quot;classic&quot;}\">\n\t\t\t\t\t\t<div class=\"elementor-container elementor-column-gap-extended\">\n\t\t\t\t\t<div class=\"elementor-column elementor-col-100 elementor-top-column elementor-element elementor-element-7c6e17c\" data-id=\"7c6e17c\" data-element_type=\"column\" data-e-type=\"column\">\n\t\t\t<div class=\"elementor-widget-wrap elementor-element-populated\">\n\t\t\t\t\t\t<div class=\"elementor-element elementor-element-6b9c7e1 elementor-widget elementor-widget-heading\" data-id=\"6b9c7e1\" data-element_type=\"widget\" data-e-type=\"widget\" data-widget_type=\"heading.default\">\n\t\t\t\t<div class=\"elementor-widget-container\">\n\t\t\t\t\t<h2 class=\"elementor-heading-title elementor-size-default\">Cont\u00e1ctanos<\/h2>\t\t\t\t<\/div>\n\t\t\t\t<\/div>\n\t\t\t\t<div class=\"elementor-element elementor-element-557d1e4 elementor-widget elementor-widget-text-editor\" data-id=\"557d1e4\" data-element_type=\"widget\" data-e-type=\"widget\" data-widget_type=\"text-editor.default\">\n\t\t\t\t<div class=\"elementor-widget-container\">\n\t\t\t\t\t\t\t\t\t<p>Queremos saber de usted.<\/p>\t\t\t\t\t\t\t\t<\/div>\n\t\t\t\t<\/div>\n\t\t\t\t\t<\/div>\n\t\t<\/div>\n\t\t\t\t\t<\/div>\n\t\t<\/section>\n\t\t\t\t<section class=\"elementor-section elementor-top-section elementor-element elementor-element-6575035d elementor-section-stretched elementor-section-boxed elementor-section-gap-beside-yes elementor-section-height-default elementor-section-height-default elementor-section-column-vertical-align-stretch\" data-id=\"6575035d\" data-element_type=\"section\" data-e-type=\"section\" data-settings=\"{&quot;stretch_section&quot;:&quot;section-stretched&quot;,&quot;background_background&quot;:&quot;gradient&quot;}\">\n\t\t\t\t\t\t<div class=\"elementor-container elementor-column-gap-extended\">\n\t\t\t\t\t<div class=\"elementor-column elementor-col-100 elementor-top-column elementor-element elementor-element-49edbe38\" data-id=\"49edbe38\" data-element_type=\"column\" data-e-type=\"column\">\n\t\t\t<div class=\"elementor-widget-wrap elementor-element-populated\">\n\t\t\t\t\t\t<section class=\"elementor-section elementor-inner-section elementor-element elementor-element-c82c256 elementor-section-boxed elementor-section-gap-beside-yes elementor-section-height-default elementor-section-height-default elementor-section-column-vertical-align-stretch\" data-id=\"c82c256\" data-element_type=\"section\" data-e-type=\"section\">\n\t\t\t\t\t\t<div class=\"elementor-container elementor-column-gap-extended\">\n\t\t\t\t\t<div class=\"elementor-column elementor-col-50 elementor-inner-column elementor-element elementor-element-9183b06\" data-id=\"9183b06\" data-element_type=\"column\" data-e-type=\"column\">\n\t\t\t<div class=\"elementor-widget-wrap elementor-element-populated\">\n\t\t\t\t\t\t<div class=\"elementor-element elementor-element-2608ccb6 elementor-widget elementor-widget-text-editor\" data-id=\"2608ccb6\" data-element_type=\"widget\" data-e-type=\"widget\" data-widget_type=\"text-editor.default\">\n\t\t\t\t<div class=\"elementor-widget-container\">\n\t\t\t\t\t\t\t\t\t<h2>Nuestras oficinas<\/h2><h2>Londres (sede)<\/h2><p>Unidad TAP.E, 80 Long Lane, Londres, SE1 4GT<\/p><p>u00a0<\/p><p>+44 (0)34 5312 3505<\/p><p><a role=\"&quot;button&quot;\" href=\"\/es\/&quot;\/#&quot;\"><br \/><span style=\"&quot;color:\" #00ffff;&quot;>Obtener direcci\u00f3n<\/span><br \/><\/a><\/p><h2>Par\u00eds<\/h2><p>Estaci\u00f3n F, 2 Parvis Alan Turing, 8742, Par\u00eds, Francia<\/p><p>+44 (0)34 5312 3505<\/p><p><a role=\"&quot;button&quot;\" href=\"\/es\/&quot;\/#&quot;\"><br \/><span style=\"&quot;color:\" #00ffff;&quot;>Obtener direcci\u00f3n<\/span><\/a><\/p>\t\t\t\t\t\t\t\t<\/div>\n\t\t\t\t<\/div>\n\t\t\t\t\t<\/div>\n\t\t<\/div>\n\t\t\t\t<div class=\"elementor-column elementor-col-50 elementor-inner-column elementor-element elementor-element-6f480f9\" data-id=\"6f480f9\" data-element_type=\"column\" data-e-type=\"column\">\n\t\t\t<div class=\"elementor-widget-wrap elementor-element-populated\">\n\t\t\t\t\t\t<div class=\"elementor-element elementor-element-bbe27d9 elementor-widget elementor-widget-text-editor\" data-id=\"bbe27d9\" data-element_type=\"widget\" data-e-type=\"widget\" data-widget_type=\"text-editor.default\">\n\t\t\t\t<div class=\"elementor-widget-container\">\n\t\t\t\t\t\t\t\t\t<p>Ponte en contacto con nosotros<\/p>\t\t\t\t\t\t\t\t<\/div>\n\t\t\t\t<\/div>\n\t\t\t\t<div class=\"elementor-element elementor-element-d6c3fa4 golo-contact-form-style-01 golo-button-align-stretch elementor-widget elementor-widget-golo-contact-form-7\" data-id=\"d6c3fa4\" data-element_type=\"widget\" data-e-type=\"widget\" data-widget_type=\"golo-contact-form-7.default\">\n\t\t\t\t<div class=\"elementor-widget-container\">\n\t\t\t\t\t\t\t<div class=\"golo-contact-form-7\">\r\n\t\t\t\n<div class=\"wpcf7 no-js\" id=\"wpcf7-f6232-o1\" lang=\"en-US\" dir=\"ltr\" data-wpcf7-id=\"6232\">\n<div class=\"screen-reader-response\"><p role=\"status\" aria-live=\"polite\" aria-atomic=\"true\"><\/p> <ul><\/ul><\/div>\n<form action=\"\/es\/wp-json\/wp\/v2\/pages\/2690#wpcf7-f6232-o1\" method=\"post\" class=\"wpcf7-form init\" aria-label=\"Contact form\" novalidate=\"novalidate\" data-status=\"init\" data-trp-original-action=\"\/es\/wp-json\/wp\/v2\/pages\/2690#wpcf7-f6232-o1\">\n<fieldset class=\"hidden-fields-container\"><input type=\"hidden\" name=\"_wpcf7\" value=\"6232\" \/><input type=\"hidden\" name=\"_wpcf7_version\" value=\"6.1.5\" \/><input type=\"hidden\" name=\"_wpcf7_locale\" value=\"en_US\" \/><input type=\"hidden\" name=\"_wpcf7_unit_tag\" value=\"wpcf7-f6232-o1\" \/><input type=\"hidden\" name=\"_wpcf7_container_post\" value=\"0\" \/><input type=\"hidden\" name=\"_wpcf7_posted_data_hash\" value=\"\" \/><input type=\"hidden\" name=\"_wpcf7_recaptcha_response\" value=\"\" \/>\n<\/fieldset>\n<div class=\"row\">\n\t<div class=\"col-lg-6\">\n\t\t<div class=\"golo-field\">\n\t\t\t<p><span class=\"wpcf7-form-control-wrap\" data-name=\"your-name\"><input size=\"40\" maxlength=\"400\" class=\"wpcf7-form-control wpcf7-text wpcf7-validates-as-required form-input\" aria-required=\"true\" aria-invalid=\"false\" placeholder=\"Nombre de pila\" value=\"\" type=\"text\" name=\"your-name\" \/><\/span>\n\t\t\t<\/p>\n\t\t<\/div>\n\t<\/div>\n\t<div class=\"col-lg-6\">\n\t\t<div class=\"golo-field\">\n\t\t\t<p><span class=\"wpcf7-form-control-wrap\" data-name=\"your-name\"><input size=\"40\" maxlength=\"400\" class=\"wpcf7-form-control wpcf7-text wpcf7-validates-as-required form-input\" aria-required=\"true\" aria-invalid=\"false\" placeholder=\"Apellido\" value=\"\" type=\"text\" name=\"your-name\" \/><\/span>\n\t\t\t<\/p>\n\t\t<\/div>\n\t<\/div>\n<\/div>\n<div class=\"golo-field\">\n\t<p><span class=\"wpcf7-form-control-wrap\" data-name=\"your-email\"><input size=\"40\" maxlength=\"400\" class=\"wpcf7-form-control wpcf7-email wpcf7-validates-as-required wpcf7-text wpcf7-validates-as-email form-input\" aria-required=\"true\" aria-invalid=\"false\" placeholder=\"Tu correo electr\u00f3nico\" value=\"\" type=\"email\" name=\"your-email\" \/><\/span>\n\t<\/p>\n<\/div>\n<div class=\"golo-field\">\n\t<p><span class=\"wpcf7-form-control-wrap\" data-name=\"your-subject\"><input size=\"40\" maxlength=\"400\" class=\"wpcf7-form-control wpcf7-text wpcf7-validates-as-required form-input\" aria-required=\"true\" aria-invalid=\"false\" placeholder=\"Tu n\u00famero de tel\u00e9fono\" value=\"\" type=\"text\" name=\"your-subject\" \/><\/span>\n\t<\/p>\n<\/div>\n<div class=\"golo-field\">\n\t<p><span class=\"wpcf7-form-control-wrap\" data-name=\"your-message\"><textarea cols=\"40\" rows=\"10\" maxlength=\"2000\" class=\"wpcf7-form-control wpcf7-textarea form-input\" aria-invalid=\"false\" placeholder=\"Mensaje\" name=\"your-message\"><\/textarea><\/span>\n\t<\/p>\n<\/div>\n<div class=\"form-submit\">\n\t<p><input class=\"wpcf7-form-control wpcf7-submit has-spinner\" type=\"submit\" value=\"Entregar\" \/>\n\t<\/p>\n<\/div><div class=\"wpcf7-response-output\" aria-hidden=\"true\"><\/div>\n<input type=\"hidden\" name=\"trp-form-language\" value=\"es\"\/><\/form>\n<\/div>\n\t\t<\/div>\r\n\t\t\t\t\t\t<\/div>\n\t\t\t\t<\/div>\n\t\t\t\t\t<\/div>\n\t\t<\/div>\n\t\t\t\t\t<\/div>\n\t\t<\/section>\n\t\t\t\t\t<\/div>\n\t\t<\/div>\n\t\t\t\t\t<\/div>\n\t\t<\/section>\n\t\t\t\t<\/div>","protected":false},"excerpt":{"rendered":"<p>Cont\u00e1ctanos Queremos saber de ti. Nuestras oficinas Londres (sede central) Unidad TAP.E, 80 Long Lane, Londres, SE1 4GT +44 (0)34 5312 3505 C\u00f3mo llegar Estaci\u00f3n de Par\u00eds F, 2 Parvis Alan Turing, 8742, Par\u00eds, Francia +44 (0)34 5312 3505 C\u00f3mo llegar Ponte en contacto con nosotros<\/p>","protected":false},"author":1,"featured_media":0,"parent":0,"menu_order":0,"comment_status":"closed","ping_status":"closed","template":"","meta":{"footnotes":""},"class_list":["post-2690","page","type-page","status-publish","hentry"],"yoast_head":"<!-- This site is optimized with the Yoast SEO plugin v27.2 - https:\/\/yoast.com\/product\/yoast-seo-wordpress\/ -->\n<title>Contact - Things To Do in Albania<\/title>\n<meta name=\"description\" content=\"Contact - Things To Do in Albania\" \/>\n<meta name=\"robots\" content=\"index, follow, max-snippet:-1, max-image-preview:large, max-video-preview:-1\" \/>\n<link rel=\"canonical\" href=\"https:\/\/thingstodoalbania.com\/es\/contact\/\" \/>\n<meta property=\"og:locale\" content=\"es_ES\" \/>\n<meta property=\"og:type\" content=\"article\" \/>\n<meta property=\"og:title\" content=\"Contact - Things To Do in Albania\" \/>\n<meta property=\"og:description\" content=\"Contact - Things To Do in Albania\" \/>\n<meta property=\"og:url\" content=\"https:\/\/thingstodoalbania.com\/es\/contact\/\" \/>\n<meta property=\"og:site_name\" content=\"Things To Do in Albania\" \/>\n<meta property=\"article:publisher\" content=\"https:\/\/www.facebook.com\/profile.php?id=61570040500432\" \/>\n<meta property=\"og:image\" content=\"https:\/\/thingstodoalbania.com\/wp-content\/uploads\/2025\/03\/Screenshot_31-3-2025_135231_-1.jpeg\" \/>\n\t<meta property=\"og:image:width\" content=\"988\" \/>\n\t<meta property=\"og:image:height\" content=\"959\" \/>\n\t<meta property=\"og:image:type\" content=\"image\/jpeg\" \/>\n<meta name=\"twitter:card\" content=\"summary_large_image\" \/>\n<script type=\"application\/ld+json\" class=\"yoast-schema-graph\">{\"@context\":\"https:\/\/schema.org\",\"@graph\":[{\"@type\":\"WebPage\",\"@id\":\"https:\/\/thingstodoalbania.com\/contact\/\",\"url\":\"https:\/\/thingstodoalbania.com\/contact\/\",\"name\":\"Contact - Things To Do in Albania\",\"isPartOf\":{\"@id\":\"https:\/\/thingstodoalbania.com\/#website\"},\"datePublished\":\"2019-11-30T10:02:12+00:00\",\"description\":\"Contact - Things To Do in Albania\",\"breadcrumb\":{\"@id\":\"https:\/\/thingstodoalbania.com\/contact\/#breadcrumb\"},\"inLanguage\":\"es\",\"potentialAction\":[{\"@type\":\"ReadAction\",\"target\":[\"https:\/\/thingstodoalbania.com\/contact\/\"]}]},{\"@type\":\"BreadcrumbList\",\"@id\":\"https:\/\/thingstodoalbania.com\/contact\/#breadcrumb\",\"itemListElement\":[{\"@type\":\"ListItem\",\"position\":1,\"name\":\"Home\",\"item\":\"https:\/\/thingstodoalbania.com\/en\/\"},{\"@type\":\"ListItem\",\"position\":2,\"name\":\"Contact\"}]},{\"@type\":\"WebSite\",\"@id\":\"https:\/\/thingstodoalbania.com\/#website\",\"url\":\"https:\/\/thingstodoalbania.com\/\",\"name\":\"Things To Do in Albania\",\"description\":\"What To See in Albania\",\"publisher\":{\"@id\":\"https:\/\/thingstodoalbania.com\/#organization\"},\"alternateName\":\"What to Do in Albania\",\"potentialAction\":[{\"@type\":\"SearchAction\",\"target\":{\"@type\":\"EntryPoint\",\"urlTemplate\":\"https:\/\/thingstodoalbania.com\/?s={search_term_string}\"},\"query-input\":{\"@type\":\"PropertyValueSpecification\",\"valueRequired\":true,\"valueName\":\"search_term_string\"}}],\"inLanguage\":\"es\"},{\"@type\":\"Organization\",\"@id\":\"https:\/\/thingstodoalbania.com\/#organization\",\"name\":\"Things To Do in Albania\",\"alternateName\":\"What To Do in Albania\",\"url\":\"https:\/\/thingstodoalbania.com\/\",\"logo\":{\"@type\":\"ImageObject\",\"inLanguage\":\"es\",\"@id\":\"https:\/\/thingstodoalbania.com\/#\/schema\/logo\/image\/\",\"url\":\"https:\/\/thingstodoalbania.com\/wp-content\/uploads\/2024\/12\/logo-thing-to-do-albania2.png\",\"contentUrl\":\"https:\/\/thingstodoalbania.com\/wp-content\/uploads\/2024\/12\/logo-thing-to-do-albania2.png\",\"width\":435,\"height\":434,\"caption\":\"Things To Do in Albania\"},\"image\":{\"@id\":\"https:\/\/thingstodoalbania.com\/#\/schema\/logo\/image\/\"},\"sameAs\":[\"https:\/\/www.facebook.com\/profile.php?id=61570040500432\",\"https:\/\/www.instagram.com\/thingstodoalbania\/\",\"https:\/\/www.youtube.com\/@ThingsToDoinAlbania\"]}]}<\/script>\n<!-- \/ Yoast SEO plugin. -->","yoast_head_json":{"title":"Contact - Things To Do in Albania","description":"Contact - Things To Do in Albania","robots":{"index":"index","follow":"follow","max-snippet":"max-snippet:-1","max-image-preview":"max-image-preview:large","max-video-preview":"max-video-preview:-1"},"canonical":"https:\/\/thingstodoalbania.com\/es\/contact\/","og_locale":"es_ES","og_type":"article","og_title":"Contact - Things To Do in Albania","og_description":"Contact - Things To Do in Albania","og_url":"https:\/\/thingstodoalbania.com\/es\/contact\/","og_site_name":"Things To Do in Albania","article_publisher":"https:\/\/www.facebook.com\/profile.php?id=61570040500432","og_image":[{"width":988,"height":959,"url":"https:\/\/thingstodoalbania.com\/wp-content\/uploads\/2025\/03\/Screenshot_31-3-2025_135231_-1.jpeg","type":"image\/jpeg"}],"twitter_card":"summary_large_image","schema":{"@context":"https:\/\/schema.org","@graph":[{"@type":"WebPage","@id":"https:\/\/thingstodoalbania.com\/contact\/","url":"https:\/\/thingstodoalbania.com\/contact\/","name":"Contact - Things To Do in Albania","isPartOf":{"@id":"https:\/\/thingstodoalbania.com\/#website"},"datePublished":"2019-11-30T10:02:12+00:00","description":"Contact - Things To Do in Albania","breadcrumb":{"@id":"https:\/\/thingstodoalbania.com\/contact\/#breadcrumb"},"inLanguage":"es","potentialAction":[{"@type":"ReadAction","target":["https:\/\/thingstodoalbania.com\/contact\/"]}]},{"@type":"BreadcrumbList","@id":"https:\/\/thingstodoalbania.com\/contact\/#breadcrumb","itemListElement":[{"@type":"ListItem","position":1,"name":"Home","item":"https:\/\/thingstodoalbania.com\/en\/"},{"@type":"ListItem","position":2,"name":"Contact"}]},{"@type":"WebSite","@id":"https:\/\/thingstodoalbania.com\/#website","url":"https:\/\/thingstodoalbania.com\/","name":"Qu\u00e9 hacer en Albania","description":"Qu\u00e9 ver en Albania","publisher":{"@id":"https:\/\/thingstodoalbania.com\/#organization"},"alternateName":"What to Do in Albania","potentialAction":[{"@type":"SearchAction","target":{"@type":"EntryPoint","urlTemplate":"https:\/\/thingstodoalbania.com\/?s={search_term_string}"},"query-input":{"@type":"PropertyValueSpecification","valueRequired":true,"valueName":"search_term_string"}}],"inLanguage":"es"},{"@type":"Organization","@id":"https:\/\/thingstodoalbania.com\/#organization","name":"Qu\u00e9 hacer en Albania","alternateName":"What To Do in Albania","url":"https:\/\/thingstodoalbania.com\/","logo":{"@type":"ImageObject","inLanguage":"es","@id":"https:\/\/thingstodoalbania.com\/#\/schema\/logo\/image\/","url":"https:\/\/thingstodoalbania.com\/wp-content\/uploads\/2024\/12\/logo-thing-to-do-albania2.png","contentUrl":"https:\/\/thingstodoalbania.com\/wp-content\/uploads\/2024\/12\/logo-thing-to-do-albania2.png","width":435,"height":434,"caption":"Things To Do in Albania"},"image":{"@id":"https:\/\/thingstodoalbania.com\/#\/schema\/logo\/image\/"},"sameAs":["https:\/\/www.facebook.com\/profile.php?id=61570040500432","https:\/\/www.instagram.com\/thingstodoalbania\/","https:\/\/www.youtube.com\/@ThingsToDoinAlbania"]}]}},"_links":{"self":[{"href":"https:\/\/thingstodoalbania.com\/es\/wp-json\/wp\/v2\/pages\/2690","targetHints":{"allow":["GET"]}}],"collection":[{"href":"https:\/\/thingstodoalbania.com\/es\/wp-json\/wp\/v2\/pages"}],"about":[{"href":"https:\/\/thingstodoalbania.com\/es\/wp-json\/wp\/v2\/types\/page"}],"author":[{"embeddable":true,"href":"https:\/\/thingstodoalbania.com\/es\/wp-json\/wp\/v2\/users\/1"}],"replies":[{"embeddable":true,"href":"https:\/\/thingstodoalbania.com\/es\/wp-json\/wp\/v2\/comments?post=2690"}],"version-history":[{"count":0,"href":"https:\/\/thingstodoalbania.com\/es\/wp-json\/wp\/v2\/pages\/2690\/revisions"}],"wp:attachment":[{"href":"https:\/\/thingstodoalbania.com\/es\/wp-json\/wp\/v2\/media?parent=2690"}],"curies":[{"name":"wp","href":"https:\/\/api.w.org\/{rel}","templated":true}]}}