{"id":6615,"date":"2019-10-07T14:41:11","date_gmt":"2019-10-07T14:41:11","guid":{"rendered":"https:\/\/wp-test.getgolo.com\/product\/flying-ninja\/"},"modified":"2019-10-07T14:41:11","modified_gmt":"2019-10-07T14:41:11","slug":"portugal-travel-guide-2","status":"publish","type":"product","link":"https:\/\/thingstodoalbania.com\/es\/producto\/portugal-travel-guide-2\/","title":{"rendered":"Gu\u00eda de viaje de Portugal"},"content":{"rendered":"<p>Habitante pellentesco morbi tristique senectus et netus et malesuada famas ac turpis egetas. Vestibulum tortor quam, feugiat vitae, ultricies eget, tempor sit amet, ante. Donec eu libero sit amet quam egetas sempre. Aenean ultricies mi vitae est. Mauris placerat eleifend leo.<\/p>","protected":false},"excerpt":{"rendered":"<p>Habitante pellentesco morbi tristique senectus et netus et malesuada famas ac turpis egetas. Vestibulum tortor quam, feugiat vitae, ultricies eget, tempor sit amet, ante. Donec eu libero sit amet quam egetas sempre. Aenean ultricies mi vitae est. Mauris placerat eleifend leo.<\/p>","protected":false},"featured_media":1728,"comment_status":"open","ping_status":"closed","template":"","meta":[],"product_brand":[],"product_cat":[153],"product_tag":[],"class_list":{"0":"post-6615","1":"product","2":"type-product","3":"status-publish","4":"has-post-thumbnail","6":"product_cat-posters","8":"first","9":"instock","10":"sale","11":"shipping-taxable","12":"purchasable","13":"product-type-simple"},"yoast_head":"<!-- This site is optimized with the Yoast SEO plugin v27.2 - https:\/\/yoast.com\/product\/yoast-seo-wordpress\/ -->\n<title>Portugal travel guide - Things To Do in Albania<\/title>\n<meta name=\"description\" content=\"Portugal travel guide - Things To Do in Albania\" \/>\n<meta name=\"robots\" content=\"index, follow, max-snippet:-1, max-image-preview:large, max-video-preview:-1\" \/>\n<link rel=\"canonical\" href=\"https:\/\/thingstodoalbania.com\/es\/producto\/portugal-travel-guide-2\/\" \/>\n<meta property=\"og:locale\" content=\"es_ES\" \/>\n<meta property=\"og:type\" content=\"article\" \/>\n<meta property=\"og:title\" content=\"Portugal travel guide - Things To Do in Albania\" \/>\n<meta property=\"og:description\" content=\"Portugal travel guide - Things To Do in Albania\" \/>\n<meta property=\"og:url\" content=\"https:\/\/thingstodoalbania.com\/es\/producto\/portugal-travel-guide-2\/\" \/>\n<meta property=\"og:site_name\" content=\"Things To Do in Albania\" \/>\n<meta property=\"article:publisher\" content=\"https:\/\/www.facebook.com\/profile.php?id=61570040500432\" \/>\n<meta property=\"og:image\" content=\"https:\/\/thingstodoalbania.com\/wp-content\/uploads\/2019\/10\/Portugal_10.9781786573223.pdp_.0.jpg\" \/>\n\t<meta property=\"og:image:width\" content=\"1400\" \/>\n\t<meta property=\"og:image:height\" content=\"1880\" \/>\n\t<meta property=\"og:image:type\" content=\"image\/jpeg\" \/>\n<meta name=\"twitter:card\" content=\"summary_large_image\" \/>\n<script type=\"application\/ld+json\" class=\"yoast-schema-graph\">{\"@context\":\"https:\/\/schema.org\",\"@graph\":[{\"@type\":\"WebPage\",\"@id\":\"https:\/\/thingstodoalbania.com\/product\/portugal-travel-guide-2\/\",\"url\":\"https:\/\/thingstodoalbania.com\/product\/portugal-travel-guide-2\/\",\"name\":\"Portugal travel guide - Things To Do in Albania\",\"isPartOf\":{\"@id\":\"https:\/\/thingstodoalbania.com\/#website\"},\"primaryImageOfPage\":{\"@id\":\"https:\/\/thingstodoalbania.com\/product\/portugal-travel-guide-2\/#primaryimage\"},\"image\":{\"@id\":\"https:\/\/thingstodoalbania.com\/product\/portugal-travel-guide-2\/#primaryimage\"},\"thumbnailUrl\":\"https:\/\/thingstodoalbania.com\/wp-content\/uploads\/2019\/10\/Portugal_10.9781786573223.pdp_.0.jpg\",\"datePublished\":\"2019-10-07T14:41:11+00:00\",\"description\":\"Portugal travel guide - Things To Do in Albania\",\"breadcrumb\":{\"@id\":\"https:\/\/thingstodoalbania.com\/product\/portugal-travel-guide-2\/#breadcrumb\"},\"inLanguage\":\"es\",\"potentialAction\":[{\"@type\":\"ReadAction\",\"target\":[\"https:\/\/thingstodoalbania.com\/product\/portugal-travel-guide-2\/\"]}]},{\"@type\":\"ImageObject\",\"inLanguage\":\"es\",\"@id\":\"https:\/\/thingstodoalbania.com\/product\/portugal-travel-guide-2\/#primaryimage\",\"url\":\"https:\/\/thingstodoalbania.com\/wp-content\/uploads\/2019\/10\/Portugal_10.9781786573223.pdp_.0.jpg\",\"contentUrl\":\"https:\/\/thingstodoalbania.com\/wp-content\/uploads\/2019\/10\/Portugal_10.9781786573223.pdp_.0.jpg\",\"width\":1400,\"height\":1880},{\"@type\":\"BreadcrumbList\",\"@id\":\"https:\/\/thingstodoalbania.com\/product\/portugal-travel-guide-2\/#breadcrumb\",\"itemListElement\":[{\"@type\":\"ListItem\",\"position\":1,\"name\":\"Home\",\"item\":\"https:\/\/thingstodoalbania.com\/en\/\"},{\"@type\":\"ListItem\",\"position\":2,\"name\":\"Shop\",\"item\":\"https:\/\/thingstodoalbania.com\/shop-2\/\"},{\"@type\":\"ListItem\",\"position\":3,\"name\":\"Portugal travel guide\"}]},{\"@type\":\"WebSite\",\"@id\":\"https:\/\/thingstodoalbania.com\/#website\",\"url\":\"https:\/\/thingstodoalbania.com\/\",\"name\":\"Things To Do in Albania\",\"description\":\"What To See in Albania\",\"publisher\":{\"@id\":\"https:\/\/thingstodoalbania.com\/#organization\"},\"alternateName\":\"What to Do in Albania\",\"potentialAction\":[{\"@type\":\"SearchAction\",\"target\":{\"@type\":\"EntryPoint\",\"urlTemplate\":\"https:\/\/thingstodoalbania.com\/?s={search_term_string}\"},\"query-input\":{\"@type\":\"PropertyValueSpecification\",\"valueRequired\":true,\"valueName\":\"search_term_string\"}}],\"inLanguage\":\"es\"},{\"@type\":\"Organization\",\"@id\":\"https:\/\/thingstodoalbania.com\/#organization\",\"name\":\"Things To Do in Albania\",\"alternateName\":\"What To Do in Albania\",\"url\":\"https:\/\/thingstodoalbania.com\/\",\"logo\":{\"@type\":\"ImageObject\",\"inLanguage\":\"es\",\"@id\":\"https:\/\/thingstodoalbania.com\/#\/schema\/logo\/image\/\",\"url\":\"https:\/\/thingstodoalbania.com\/wp-content\/uploads\/2024\/12\/logo-thing-to-do-albania2.png\",\"contentUrl\":\"https:\/\/thingstodoalbania.com\/wp-content\/uploads\/2024\/12\/logo-thing-to-do-albania2.png\",\"width\":435,\"height\":434,\"caption\":\"Things To Do in Albania\"},\"image\":{\"@id\":\"https:\/\/thingstodoalbania.com\/#\/schema\/logo\/image\/\"},\"sameAs\":[\"https:\/\/www.facebook.com\/profile.php?id=61570040500432\",\"https:\/\/www.instagram.com\/thingstodoalbania\/\",\"https:\/\/www.youtube.com\/@ThingsToDoinAlbania\"]}]}<\/script>\n<!-- \/ Yoast SEO plugin. -->","yoast_head_json":{"title":"Gu\u00eda de viaje de Portugal: Qu\u00e9 hacer en Albania","description":"Gu\u00eda de viaje de Portugal: Qu\u00e9 hacer en Albania","robots":{"index":"index","follow":"follow","max-snippet":"max-snippet:-1","max-image-preview":"max-image-preview:large","max-video-preview":"max-video-preview:-1"},"canonical":"https:\/\/thingstodoalbania.com\/es\/producto\/portugal-travel-guide-2\/","og_locale":"es_ES","og_type":"article","og_title":"Portugal travel guide - Things To Do in Albania","og_description":"Portugal travel guide - Things To Do in Albania","og_url":"https:\/\/thingstodoalbania.com\/es\/producto\/portugal-travel-guide-2\/","og_site_name":"Things To Do in Albania","article_publisher":"https:\/\/www.facebook.com\/profile.php?id=61570040500432","og_image":[{"width":1400,"height":1880,"url":"https:\/\/thingstodoalbania.com\/wp-content\/uploads\/2019\/10\/Portugal_10.9781786573223.pdp_.0.jpg","type":"image\/jpeg"}],"twitter_card":"summary_large_image","schema":{"@context":"https:\/\/schema.org","@graph":[{"@type":"WebPage","@id":"https:\/\/thingstodoalbania.com\/product\/portugal-travel-guide-2\/","url":"https:\/\/thingstodoalbania.com\/product\/portugal-travel-guide-2\/","name":"Gu\u00eda de viaje de Portugal: Qu\u00e9 hacer en Albania","isPartOf":{"@id":"https:\/\/thingstodoalbania.com\/#website"},"primaryImageOfPage":{"@id":"https:\/\/thingstodoalbania.com\/product\/portugal-travel-guide-2\/#primaryimage"},"image":{"@id":"https:\/\/thingstodoalbania.com\/product\/portugal-travel-guide-2\/#primaryimage"},"thumbnailUrl":"https:\/\/thingstodoalbania.com\/wp-content\/uploads\/2019\/10\/Portugal_10.9781786573223.pdp_.0.jpg","datePublished":"2019-10-07T14:41:11+00:00","description":"Gu\u00eda de viaje de Portugal: Qu\u00e9 hacer en Albania","breadcrumb":{"@id":"https:\/\/thingstodoalbania.com\/product\/portugal-travel-guide-2\/#breadcrumb"},"inLanguage":"es","potentialAction":[{"@type":"ReadAction","target":["https:\/\/thingstodoalbania.com\/product\/portugal-travel-guide-2\/"]}]},{"@type":"ImageObject","inLanguage":"es","@id":"https:\/\/thingstodoalbania.com\/product\/portugal-travel-guide-2\/#primaryimage","url":"https:\/\/thingstodoalbania.com\/wp-content\/uploads\/2019\/10\/Portugal_10.9781786573223.pdp_.0.jpg","contentUrl":"https:\/\/thingstodoalbania.com\/wp-content\/uploads\/2019\/10\/Portugal_10.9781786573223.pdp_.0.jpg","width":1400,"height":1880},{"@type":"BreadcrumbList","@id":"https:\/\/thingstodoalbania.com\/product\/portugal-travel-guide-2\/#breadcrumb","itemListElement":[{"@type":"ListItem","position":1,"name":"Home","item":"https:\/\/thingstodoalbania.com\/en\/"},{"@type":"ListItem","position":2,"name":"Shop","item":"https:\/\/thingstodoalbania.com\/shop-2\/"},{"@type":"ListItem","position":3,"name":"Portugal travel guide"}]},{"@type":"WebSite","@id":"https:\/\/thingstodoalbania.com\/#website","url":"https:\/\/thingstodoalbania.com\/","name":"Qu\u00e9 hacer en Albania","description":"Qu\u00e9 ver en Albania","publisher":{"@id":"https:\/\/thingstodoalbania.com\/#organization"},"alternateName":"What to Do in Albania","potentialAction":[{"@type":"SearchAction","target":{"@type":"EntryPoint","urlTemplate":"https:\/\/thingstodoalbania.com\/?s={search_term_string}"},"query-input":{"@type":"PropertyValueSpecification","valueRequired":true,"valueName":"search_term_string"}}],"inLanguage":"es"},{"@type":"Organization","@id":"https:\/\/thingstodoalbania.com\/#organization","name":"Qu\u00e9 hacer en Albania","alternateName":"What To Do in Albania","url":"https:\/\/thingstodoalbania.com\/","logo":{"@type":"ImageObject","inLanguage":"es","@id":"https:\/\/thingstodoalbania.com\/#\/schema\/logo\/image\/","url":"https:\/\/thingstodoalbania.com\/wp-content\/uploads\/2024\/12\/logo-thing-to-do-albania2.png","contentUrl":"https:\/\/thingstodoalbania.com\/wp-content\/uploads\/2024\/12\/logo-thing-to-do-albania2.png","width":435,"height":434,"caption":"Things To Do in Albania"},"image":{"@id":"https:\/\/thingstodoalbania.com\/#\/schema\/logo\/image\/"},"sameAs":["https:\/\/www.facebook.com\/profile.php?id=61570040500432","https:\/\/www.instagram.com\/thingstodoalbania\/","https:\/\/www.youtube.com\/@ThingsToDoinAlbania"]}]}},"_links":{"self":[{"href":"https:\/\/thingstodoalbania.com\/es\/wp-json\/wp\/v2\/product\/6615","targetHints":{"allow":["GET"]}}],"collection":[{"href":"https:\/\/thingstodoalbania.com\/es\/wp-json\/wp\/v2\/product"}],"about":[{"href":"https:\/\/thingstodoalbania.com\/es\/wp-json\/wp\/v2\/types\/product"}],"replies":[{"embeddable":true,"href":"https:\/\/thingstodoalbania.com\/es\/wp-json\/wp\/v2\/comments?post=6615"}],"wp:featuredmedia":[{"embeddable":true,"href":"https:\/\/thingstodoalbania.com\/es\/wp-json\/wp\/v2\/media\/1728"}],"wp:attachment":[{"href":"https:\/\/thingstodoalbania.com\/es\/wp-json\/wp\/v2\/media?parent=6615"}],"wp:term":[{"taxonomy":"product_brand","embeddable":true,"href":"https:\/\/thingstodoalbania.com\/es\/wp-json\/wp\/v2\/product_brand?post=6615"},{"taxonomy":"product_cat","embeddable":true,"href":"https:\/\/thingstodoalbania.com\/es\/wp-json\/wp\/v2\/product_cat?post=6615"},{"taxonomy":"product_tag","embeddable":true,"href":"https:\/\/thingstodoalbania.com\/es\/wp-json\/wp\/v2\/product_tag?post=6615"}],"curies":[{"name":"wp","href":"https:\/\/api.w.org\/{rel}","templated":true}]}}